{"id":5551,"date":"2025-08-20T15:23:43","date_gmt":"2025-08-20T13:23:43","guid":{"rendered":"https:\/\/gorilla-commerce.eu\/sicherheitsaudit\/"},"modified":"2026-04-25T16:37:08","modified_gmt":"2026-04-25T14:37:08","slug":"sicherheitsaudit","status":"publish","type":"page","link":"https:\/\/gorilla-commerce.eu\/de\/sicherheitsaudit\/","title":{"rendered":"Sicherheitsaudit"},"content":{"rendered":"\n\n\n\n<section id=\"about-us-block_73e8991d978a20f4651226eac323b86c\" class=\"about-us about-us-audyt block alignfull-block bg-dark text-color-white no-margin\">\n    <div class=\"container\">\n        <div class=\"row sm-justify-between\">\n            <div class=\"col-12 col-lg-7\">\n\n                                    <p class=\"about-us__subtitle\">audyty<\/p>\n                \n                                    <h1 class=\"about-us__title\">Audyt Bezpiecze\u0144stwa<\/h1>\n                \n            <\/div>\n\n            <div class=\"col-12 col-lg-5\">\n                                        \n    \n    \n\n<div class=\"img-sizes about-us__image  \">\n            <picture>\n                                                                <source\n                            media=\"(min-width:1220px)\"\n                            srcset=\"\n                            https:\/\/gorilla-commerce.eu\/wp-content\/uploads\/2025\/08\/Audyt-Bezpieczenstwa-642x350.81967213115-c-1.png 642w,\n                            https:\/\/gorilla-commerce.eu\/wp-content\/uploads\/2025\/08\/Audyt-Bezpieczenstwa-1284x701.6393442623-c-1.png 1284w,\n                            https:\/\/gorilla-commerce.eu\/wp-content\/uploads\/2025\/08\/Audyt-Bezpieczenstwa-1926x1052.4590163934-c-1.png 1926w\n                        \"\n                            sizes=\"642px\"\n                    >\n                                    <source\n                            media=\"(min-width:992px)\"\n                            srcset=\"\n                            https:\/\/gorilla-commerce.eu\/wp-content\/uploads\/2025\/08\/Audyt-Bezpieczenstwa-642x350.81967213115-c-1.png 642w,\n                            https:\/\/gorilla-commerce.eu\/wp-content\/uploads\/2025\/08\/Audyt-Bezpieczenstwa-1284x701.6393442623-c-1.png 1284w,\n                            https:\/\/gorilla-commerce.eu\/wp-content\/uploads\/2025\/08\/Audyt-Bezpieczenstwa-1926x1052.4590163934-c-1.png 1926w\n                        \"\n                            sizes=\"642px\"\n                    >\n                                    <source\n                            media=\"(min-width:768px)\"\n                            srcset=\"\n                            https:\/\/gorilla-commerce.eu\/wp-content\/uploads\/2025\/08\/Audyt-Bezpieczenstwa-642x350.81967213115-c-1.png 642w,\n                            https:\/\/gorilla-commerce.eu\/wp-content\/uploads\/2025\/08\/Audyt-Bezpieczenstwa-1284x701.6393442623-c-1.png 1284w,\n                            https:\/\/gorilla-commerce.eu\/wp-content\/uploads\/2025\/08\/Audyt-Bezpieczenstwa-1926x1052.4590163934-c-1.png 1926w\n                        \"\n                            sizes=\"642px\"\n                    >\n                                    <source\n                            media=\"(min-width:1px)\"\n                            srcset=\"\n                            https:\/\/gorilla-commerce.eu\/wp-content\/uploads\/2025\/08\/Audyt-Bezpieczenstwa-642x350.81967213115-c-1.png 642w,\n                            https:\/\/gorilla-commerce.eu\/wp-content\/uploads\/2025\/08\/Audyt-Bezpieczenstwa-1284x701.6393442623-c-1.png 1284w,\n                            https:\/\/gorilla-commerce.eu\/wp-content\/uploads\/2025\/08\/Audyt-Bezpieczenstwa-1926x1052.4590163934-c-1.png 1926w\n                        \"\n                            sizes=\"642px\"\n                    >\n                                <img decoding=\"async\" src=\"https:\/\/gorilla-commerce.eu\/wp-content\/uploads\/2025\/08\/Audyt-Bezpieczenstwa-642x0-c-default.png\" alt=\"Image\" loading=\"lazy\" width=\"520\" height=\"283\">\n                    <\/picture>\n    <\/div>\n                                                    <div class=\"about-us-help-link\">\n                        <a href=\"https:\/\/gorilla-commerce.eu\/brief-projektowy\/\"\n                           class=\"btn btn-green btn-icon\"\n                           >\n                            <span>\n                                Vervollst\u00e4ndigen Sie den E-Commerce-Auftrag\n                            <\/span>\n                            <svg width=\"17\" height=\"17\" fill=\"none\" xmlns=\"http:\/\/www.w3.org\/2000\/svg\">\n                                <path fill-rule=\"evenodd\" clip-rule=\"evenodd\" d=\"M8.143 16.813a8 8 0 100-16 8 8 0 000 16zm3.707-8.707l-3-3A1 1 0 007.435 6.52l1.293 1.293H5.143a1 1 0 100 2h3.585l-1.293 1.293A1 1 0 108.85 12.52l3-3a1 1 0 000-1.414z\" fill=\"#285a3c\"><\/path>\n                            <\/svg>\n                        <\/a>\n                    <\/div>\n                            <\/div>\n        <\/div>\n    <\/div>\n<\/section>\n\n<section class=\"section-main-text block\">\n    <div class=\"container\">\n        <div class=\"row\">\n            <div class=\"col-12\">\n                <h2>Der Umfang der Sicherheits\u00fcberpr\u00fcfung umfasst:<\/h2>\n<h3>\u00dcberpr\u00fcfung des Datenschutzes<\/h3>\n<p>Wir analysieren detailliert die Art und Weise, wie Kundendaten gespeichert, \u00fcbertragen und gesichert werden, unter Ber\u00fccksichtigung der Bestimmungen der RODO und anderer anwendbarer Datenschutzbestimmungen. Wir \u00fcberpr\u00fcfen die Konformit\u00e4t der Prozesse zur Verarbeitung personenbezogener Daten und die Sicherheit der verwendeten technischen L\u00f6sungen. <\/p>\n<h3>Penetrationstests<\/h3>\n<p>Wir f\u00fchren fortschrittliche Simulationen von Hackerangriffen durch und analysieren die Sicherheit Ihres Shops gegen verschiedene Cyber-Bedrohungen wie SQL-Injection-Angriffe, Cross-Site Scripting (XSS) oder Brute-Force-Angriffe. Wir identifizieren m\u00f6gliche Schwachstellen im System und ermitteln wirksame Pr\u00e4ventivma\u00dfnahmen. <\/p>\n<h3>\u00dcberpr\u00fcfung der Einhaltung von Vorschriften<\/h3>\n<p>Wir stellen sicher, dass der Shop alle gesetzlichen Anforderungen in Bezug auf die Datensicherheit erf\u00fcllt, einschlie\u00dflich der Anforderungen f\u00fcr Finanztransaktionen, SSL-Sicherheit, Online-Zahlungsvorschriften und Kundendatenverwaltung.<\/p>\n\n            <\/div>\n        <\/div>\n    <\/div>\n<\/section>\n\n\n\n<section id=\"offert-block_e914b58f2ea4fe14ae0c16d50be509ec\" class=\"offert audit-result block alignfull-block margin\">\n    <div class=\"container\">\n        <div class=\"row\">\n            <div class=\"col-12\">\n                                                            \n                                                                                                        \n                        <div class=\"offert__row\">\n                            <div class=\"row sm-align-center sm-justify-between\">\n                                                                    <div class=\"col-12 col-lg-5 order-lg-2\">\n                                                                                        \n    \n\n<div class=\"img-no-size offert__img  \">\n            <picture>\n                                <source \n                        srcset=\"https:\/\/gorilla-commerce.eu\/wp-content\/uploads\/2025\/08\/audyt-Rezultat.webp\"\n                        type=\"image\/webp\"\n                        sizes=\"556px\"\n                    >\n                    <source \n                        srcset=\"https:\/\/gorilla-commerce.eu\/wp-content\/uploads\/2025\/08\/audyt-Rezultat.png\"\n                        sizes=\"556px\"\n                    >     \n                <img decoding=\"async\" src=\"https:\/\/gorilla-commerce.eu\/wp-content\/uploads\/2025\/08\/audyt-Rezultat.png\" alt=\"Image\" loading=\"lazy\" width=\"556\" height=\"334\">\n                    <\/picture>\n    <\/div>                                                                            <\/div>\n                                \n                                <div class=\"col-12 col-lg-6 order-lg-1\">\n                                    <div class=\"offert__content\">\n                                                                                    <h2 class=\"offert__title\">Ergebnis:<\/h2>\n                                        \n                                        \n                                                                                    <ul class=\"offert__list\">\n                                                                                                    <li>\n                                                        \n                                                                                                                    <p class=\"offert__list-text\">\n                                                                Ein umfassender Bericht mit erkannten Bedrohungen und klaren Empfehlungen zur Verbesserung der Sicherheit Ihres Gesch\u00e4fts. Wenn Sie unsere Empfehlungen umsetzen, sch\u00fctzen Sie Ihr Gesch\u00e4ft vor ernsthaften Bedrohungen. \n                                                            <\/p>\n                                                                                                            <\/li>\n                                                                                            <\/ul>\n                                        \n                                                                            <\/div>\n                                <\/div>\n                            <\/div>\n                        <\/div>\n                                                <\/div>\n        <\/div>\n    <\/div>\n<\/section>\n\n\n\n\n<section id=\"contact-block_1844cb096d8bcc8bf3f139c604c1a2bb\" class=\"contact block alignfull-block text-color-white no-margin\">\n\t<div class=\"container\">\n\t\t<div class=\"row\">\n\t\t\t<div class=\"col-12\">\n\t\t\t\t\n\t\t\t\t<div class=\"contact__bottom\" id=\"contact\">\n\t<div class=\"row sm-align-center\">\n\t\t<div class=\"col-12 col-lg-4\">\n\t\t\t<div class=\"contact__bottom-bg-dark\">\n\t\t\t\t\t\t\t\t\t<div class=\"contact__person\">\n\t\t\t\t\t\t    \n    \n    \n\n<div class=\"img-sizes contact__person-img  \">\n            <picture>\n                                                                <source\n                            media=\"(min-width:1px)\"\n                            srcset=\"\n                            https:\/\/gorilla-commerce.eu\/wp-content\/uploads\/2024\/10\/Kamil-crop-361x481.33333333333-c-1.png 361w,\n                            https:\/\/gorilla-commerce.eu\/wp-content\/uploads\/2024\/10\/Kamil-crop-722x962.66666666667-c-1.png 722w,\n                            https:\/\/gorilla-commerce.eu\/wp-content\/uploads\/2024\/10\/Kamil-crop-1083x1444-c-1.png 1083w\n                        \"\n                            sizes=\"361px\"\n                    >\n                                <img fetchpriority=\"high\" decoding=\"async\" src=\"https:\/\/gorilla-commerce.eu\/wp-content\/uploads\/2024\/10\/Kamil-crop-361x0-c-default.png\" alt=\"Image\" loading=\"eager\" width=\"435\" height=\"580\">\n                    <\/picture>\n    <\/div>\n\n\t\t\t\t\t\t<div class=\"contact__person-content\">\n\t\t\t\t\t\t\t\t\t\t\t\t\t\t\t<p class=\"contact__person-name\">Kamil<\/p>\n\t\t\t\t\t\t\t\n\t\t\t\t\t\t\t\t\t\t\t\t\t\t\t<p class=\"contact__person-role\">CEO<\/p>\n\t\t\t\t\t\t\t\n\t\t\t\t\t\t\t\t\t\t\t\t\t\t\t<p class=\"contact__person-text\">W\u00e4hrend Ihrer ersten kostenlosen Beratung werden wir versuchen, Ihnen bei der Auswahl der richtigen L\u00f6sung f\u00fcr Ihr Unternehmen zu helfen.<\/p>\n\t\t\t\t\t\t\t\t\t\t\t\t\t<\/div>\n\t\t\t\t\t<\/div>\n\t\t\t\t\t\t\t<\/div>\n\t\t<\/div>\n\n\t\t<div class=\"col-12 col-lg-6 offset-lg-1\">\n\t\t\t<div class=\"contact__bottom-form\">\n\t\t\t\t\t\t\t\t\t<h3 class=\"contact__bottom-title\">Sind Sie bereit, Ihr Gesch\u00e4ft auszubauen?  <\/h3>\n\t\t\t\t\n\t\t\t\t\t\t\t\t\t<p class=\"contact__bottom-text\">Kontaktieren Sie uns, um herauszufinden, wie wir Ihnen bei der Optimierung und Entwicklung Ihres Online-Shops helfen k\u00f6nnen.<\/p>\n\t\t\t\t\n\t\t\t\t<div class=\"contact__bottom-form-wrapper\">\n\t\t\t\t\t\t\t\t\t\t\t\t\t\t\t\t\t\n<div class=\"wpcf7 no-js\" id=\"wpcf7-f409-o1\" lang=\"pl-PL\" dir=\"ltr\" data-wpcf7-id=\"409\">\n<div class=\"screen-reader-response\"><p role=\"status\" aria-live=\"polite\" aria-atomic=\"true\"><\/p> <ul><\/ul><\/div>\n<form action=\"\/de\/wp-json\/wp\/v2\/pages\/5551#wpcf7-f409-o1\" method=\"post\" class=\"wpcf7-form init\" aria-label=\"Formularz kontaktowy\" novalidate=\"novalidate\" data-status=\"init\">\n<fieldset class=\"hidden-fields-container\"><input type=\"hidden\" name=\"_wpcf7\" value=\"409\" \/><input type=\"hidden\" name=\"_wpcf7_version\" value=\"6.1.5\" \/><input type=\"hidden\" name=\"_wpcf7_locale\" value=\"pl_PL\" \/><input type=\"hidden\" name=\"_wpcf7_unit_tag\" value=\"wpcf7-f409-o1\" \/><input type=\"hidden\" name=\"_wpcf7_container_post\" value=\"0\" \/><input type=\"hidden\" name=\"_wpcf7_posted_data_hash\" value=\"\" \/><input type=\"hidden\" name=\"_wpcf7_recaptcha_response\" value=\"\" \/>\n<\/fieldset>\n<div classs=\"contact__form\">\n    <div class=\"row\">\n        <div class=\"col-12 col-lg-6\">\n            <div class=\"form-input\">\n                <span class=\"wpcf7-form-control-wrap\" data-name=\"your-name\"><input size=\"40\" maxlength=\"400\" class=\"wpcf7-form-control wpcf7-text wpcf7-validates-as-required\" aria-required=\"true\" aria-invalid=\"false\" placeholder=\"Imi\u0119 nazwisko\" value=\"\" type=\"text\" name=\"your-name\" \/><\/span>\n            <\/div>\n        <\/div>\n        <div class=\"col-12 col-lg-6\">\n            <div class=\"form-input\">\n                <span class=\"wpcf7-form-control-wrap\" data-name=\"your-email\"><input size=\"40\" maxlength=\"400\" class=\"wpcf7-form-control wpcf7-email wpcf7-validates-as-required wpcf7-text wpcf7-validates-as-email\" aria-required=\"true\" aria-invalid=\"false\" placeholder=\"Email\" value=\"\" type=\"email\" name=\"your-email\" \/><\/span>\n            <\/div>\n        <\/div>\n        <div class=\"col-12\">\n            <div class=\"form-input\">\n                <span class=\"wpcf7-form-control-wrap\" data-name=\"project\"><input size=\"40\" maxlength=\"400\" class=\"wpcf7-form-control wpcf7-text wpcf7-validates-as-required\" aria-required=\"true\" aria-invalid=\"false\" placeholder=\"Temat rozmowy\" value=\"\" type=\"text\" name=\"project\" \/><\/span>\n            <\/div>\n        <\/div>\n\n        <div class=\"col-12\">\n            <div class=\"contact__form-submit\">\n                <div class=\"row\">\n<div class=\"col-12\" style=\"margin-top: -2rem; margin-bottom: 2rem\"><span class=\"wpcf7-form-control-wrap recaptcha\" data-name=\"recaptcha\"><span data-sitekey=\"6Ld-PL0qAAAAAA066mWxnzkuBM6BFV8JaWlL0r8L\" class=\"wpcf7-form-control wpcf7-recaptcha g-recaptcha\"><\/span>\r\n<noscript>\r\n\t<div class=\"grecaptcha-noscript\">\r\n\t\t<iframe loading=\"lazy\" src=\"https:\/\/www.google.com\/recaptcha\/api\/fallback?k=6Ld-PL0qAAAAAA066mWxnzkuBM6BFV8JaWlL0r8L\" frameborder=\"0\" scrolling=\"no\" width=\"310\" height=\"430\">\r\n\t\t<\/iframe>\r\n\t\t<textarea name=\"g-recaptcha-response\" rows=\"3\" cols=\"40\" placeholder=\"reCaptcha Response Here\">\r\n\t\t<\/textarea>\r\n\t<\/div>\r\n<\/noscript>\r\n<\/span><\/div>\n                    <div class=\"col-12 col-lg-7\">\n                        <div class=\"form-input-info\">\n                            <span>Wysy\u0142aj\u0105c ten formularz, potwierdzam, \u017ce zapozna\u0142em si\u0119 i akceptuj\u0119 <a href=\"https:\/\/gorilla-commerce.eu\/pl\/polityka-prywatnosci\/\" target=\"_blank\">Polityk\u0119 Prywatno\u015bci<\/a>.<\/span>\n                        <\/div>\n                    <\/div>\n\n                    <div class=\"col-12 col-lg-5 sm-text-center lg-text-end\">\n                        <div class=\"form-input-submit\">\n                            <button type=\"submit\" class=\"btn btn-dark-green btn-icon\">\n                            Wy\u015blij wiadomo\u015b\u0107\n<svg width=\"21\" height=\"21\" viewBox=\"0 0 21 21\" fill=\"none\" xmlns=\"http:\/\/www.w3.org\/2000\/svg\">\n<path d=\"M10.4601 0.665533C4.97665 0.591471 0.500086 5.06803 0.574148 10.5515C0.647273 15.8104 4.92931 20.0924 10.1882 20.1655C15.6726 20.2405 20.1482 15.764 20.0732 10.2805C20.001 5.02069 15.719 0.738658 10.4601 0.665533ZM14.7773 6.62991L10.9223 15.373C10.6977 15.8638 9.94821 15.7012 9.94821 15.1593V10.978C9.94821 10.9283 9.92846 10.8806 9.89329 10.8455C9.85813 10.8103 9.81044 10.7905 9.76071 10.7905H5.5804C5.0404 10.7905 4.87727 10.0466 5.36618 9.82163L14.1098 5.96241C14.2032 5.91927 14.3076 5.90582 14.4089 5.92387C14.5102 5.94193 14.6035 5.99063 14.6763 6.06339C14.7491 6.13615 14.7977 6.22948 14.8158 6.33078C14.8339 6.43208 14.8204 6.53649 14.7773 6.62991Z\" fill=\"#91ffa5\"\/>\n<\/svg>\n\n                             <\/button>\n          \n                        <\/div>\n                    <\/div>\n                <\/div>\n            <\/div>\n        <\/div>\n    <\/div>\n<\/div><div class=\"wpcf7-response-output\" aria-hidden=\"true\"><\/div>\n<\/form>\n<\/div>\n\n\t\t\t\t\t\t\t\t\t\t\t\t\t\t\t<\/div>\n\n\t\t\t<\/div>\n\t\t<\/div>\n\t<\/div>\n<\/div>\n\t\t\t<\/div>\n\t\t<\/div>\n\t<\/div>\n<\/section>\n","protected":false},"excerpt":{"rendered":"","protected":false},"author":1,"featured_media":0,"parent":0,"menu_order":0,"comment_status":"closed","ping_status":"closed","template":"","meta":{"_acf_changed":false,"footnotes":""},"class_list":["post-5551","page","type-page","status-publish","hentry"],"acf":[],"yoast_head":"<!-- This site is optimized with the Yoast SEO plugin v27.4 - https:\/\/yoast.com\/product\/yoast-seo-wordpress\/ -->\n<title>Sicherheitsaudit Ihres Online-Shops - Sch\u00fctzen Sie Ihren eCommerce<\/title>\n<meta name=\"description\" content=\"Wir \u00fcberpr\u00fcfen die Schwachstellen, die Konfiguration und die RODO-Konformit\u00e4t Ihres Shops. Sie erhalten innerhalb von 7 Tagen einen Bericht mit einer Liste der Risiken und Korrekturen. Fordern Sie ein Sicherheitsaudit an.\" \/>\n<meta name=\"robots\" content=\"index, follow, max-snippet:-1, max-image-preview:large, max-video-preview:-1\" \/>\n<link rel=\"canonical\" href=\"https:\/\/gorilla-commerce.eu\/de\/sicherheitsaudit\/\" \/>\n<meta property=\"og:locale\" content=\"de_DE\" \/>\n<meta property=\"og:type\" content=\"article\" \/>\n<meta property=\"og:title\" content=\"Sicherheitsaudit Ihres Online-Shops - Sch\u00fctzen Sie Ihren eCommerce\" \/>\n<meta property=\"og:description\" content=\"Wir \u00fcberpr\u00fcfen die Schwachstellen, die Konfiguration und die RODO-Konformit\u00e4t Ihres Shops. Sie erhalten innerhalb von 7 Tagen einen Bericht mit einer Liste der Risiken und Korrekturen. Fordern Sie ein Sicherheitsaudit an.\" \/>\n<meta property=\"og:url\" content=\"https:\/\/gorilla-commerce.eu\/de\/sicherheitsaudit\/\" \/>\n<meta property=\"og:site_name\" content=\"Gorilla Commerce &amp; Solutions\" \/>\n<meta property=\"article:publisher\" content=\"https:\/\/www.facebook.com\/softgorillas\/\" \/>\n<meta property=\"article:modified_time\" content=\"2026-04-25T14:37:08+00:00\" \/>\n<meta name=\"twitter:card\" content=\"summary_large_image\" \/>\n<meta name=\"twitter:site\" content=\"@softgorillas_SH\" \/>\n<script type=\"application\/ld+json\" class=\"yoast-schema-graph\">{\"@context\":\"https:\\\/\\\/schema.org\",\"@graph\":[{\"@type\":\"WebPage\",\"@id\":\"https:\\\/\\\/gorilla-commerce.eu\\\/de\\\/sicherheitsaudit\\\/\",\"url\":\"https:\\\/\\\/gorilla-commerce.eu\\\/de\\\/sicherheitsaudit\\\/\",\"name\":\"Sicherheitsaudit Ihres Online-Shops - Sch\u00fctzen Sie Ihren eCommerce\",\"isPartOf\":{\"@id\":\"https:\\\/\\\/gorilla-commerce.eu\\\/de\\\/#website\"},\"datePublished\":\"2025-08-20T13:23:43+00:00\",\"dateModified\":\"2026-04-25T14:37:08+00:00\",\"description\":\"Wir \u00fcberpr\u00fcfen die Schwachstellen, die Konfiguration und die RODO-Konformit\u00e4t Ihres Shops. Sie erhalten innerhalb von 7 Tagen einen Bericht mit einer Liste der Risiken und Korrekturen. Fordern Sie ein Sicherheitsaudit an.\",\"breadcrumb\":{\"@id\":\"https:\\\/\\\/gorilla-commerce.eu\\\/de\\\/sicherheitsaudit\\\/#breadcrumb\"},\"inLanguage\":\"de\",\"potentialAction\":[{\"@type\":\"ReadAction\",\"target\":[\"https:\\\/\\\/gorilla-commerce.eu\\\/de\\\/sicherheitsaudit\\\/\"]}]},{\"@type\":\"BreadcrumbList\",\"@id\":\"https:\\\/\\\/gorilla-commerce.eu\\\/de\\\/sicherheitsaudit\\\/#breadcrumb\",\"itemListElement\":[{\"@type\":\"ListItem\",\"position\":1,\"name\":\"Home\",\"item\":\"https:\\\/\\\/gorilla-commerce.eu\\\/de\\\/\"},{\"@type\":\"ListItem\",\"position\":2,\"name\":\"Sicherheitsaudit\"}]},{\"@type\":\"WebSite\",\"@id\":\"https:\\\/\\\/gorilla-commerce.eu\\\/de\\\/#website\",\"url\":\"https:\\\/\\\/gorilla-commerce.eu\\\/de\\\/\",\"name\":\"Gorilla Commerce\",\"description\":\"Shop for your BUSINESS\",\"publisher\":{\"@id\":\"https:\\\/\\\/gorilla-commerce.eu\\\/de\\\/#organization\"},\"potentialAction\":[{\"@type\":\"SearchAction\",\"target\":{\"@type\":\"EntryPoint\",\"urlTemplate\":\"https:\\\/\\\/gorilla-commerce.eu\\\/de\\\/?s={search_term_string}\"},\"query-input\":{\"@type\":\"PropertyValueSpecification\",\"valueRequired\":true,\"valueName\":\"search_term_string\"}}],\"inLanguage\":\"de\"},{\"@type\":\"Organization\",\"@id\":\"https:\\\/\\\/gorilla-commerce.eu\\\/de\\\/#organization\",\"name\":\"Gorilla Commerce\",\"url\":\"https:\\\/\\\/gorilla-commerce.eu\\\/de\\\/\",\"logo\":{\"@type\":\"ImageObject\",\"inLanguage\":\"de\",\"@id\":\"https:\\\/\\\/gorilla-commerce.eu\\\/de\\\/#\\\/schema\\\/logo\\\/image\\\/\",\"url\":\"https:\\\/\\\/gorilla-commerce.eu\\\/wp-content\\\/uploads\\\/2024\\\/08\\\/hero-banner-softgorillas-1.png\",\"contentUrl\":\"https:\\\/\\\/gorilla-commerce.eu\\\/wp-content\\\/uploads\\\/2024\\\/08\\\/hero-banner-softgorillas-1.png\",\"width\":500,\"height\":420,\"caption\":\"Gorilla Commerce\"},\"image\":{\"@id\":\"https:\\\/\\\/gorilla-commerce.eu\\\/de\\\/#\\\/schema\\\/logo\\\/image\\\/\"},\"sameAs\":[\"https:\\\/\\\/www.facebook.com\\\/softgorillas\\\/\",\"https:\\\/\\\/x.com\\\/softgorillas_SH\"]}]}<\/script>\n<!-- \/ Yoast SEO plugin. -->","yoast_head_json":{"title":"Sicherheitsaudit Ihres Online-Shops - Sch\u00fctzen Sie Ihren eCommerce","description":"Wir \u00fcberpr\u00fcfen die Schwachstellen, die Konfiguration und die RODO-Konformit\u00e4t Ihres Shops. Sie erhalten innerhalb von 7 Tagen einen Bericht mit einer Liste der Risiken und Korrekturen. Fordern Sie ein Sicherheitsaudit an.","robots":{"index":"index","follow":"follow","max-snippet":"max-snippet:-1","max-image-preview":"max-image-preview:large","max-video-preview":"max-video-preview:-1"},"canonical":"https:\/\/gorilla-commerce.eu\/de\/sicherheitsaudit\/","og_locale":"de_DE","og_type":"article","og_title":"Sicherheitsaudit Ihres Online-Shops - Sch\u00fctzen Sie Ihren eCommerce","og_description":"Wir \u00fcberpr\u00fcfen die Schwachstellen, die Konfiguration und die RODO-Konformit\u00e4t Ihres Shops. Sie erhalten innerhalb von 7 Tagen einen Bericht mit einer Liste der Risiken und Korrekturen. Fordern Sie ein Sicherheitsaudit an.","og_url":"https:\/\/gorilla-commerce.eu\/de\/sicherheitsaudit\/","og_site_name":"Gorilla Commerce &amp; Solutions","article_publisher":"https:\/\/www.facebook.com\/softgorillas\/","article_modified_time":"2026-04-25T14:37:08+00:00","twitter_card":"summary_large_image","twitter_site":"@softgorillas_SH","schema":{"@context":"https:\/\/schema.org","@graph":[{"@type":"WebPage","@id":"https:\/\/gorilla-commerce.eu\/de\/sicherheitsaudit\/","url":"https:\/\/gorilla-commerce.eu\/de\/sicherheitsaudit\/","name":"Sicherheitsaudit Ihres Online-Shops - Sch\u00fctzen Sie Ihren eCommerce","isPartOf":{"@id":"https:\/\/gorilla-commerce.eu\/de\/#website"},"datePublished":"2025-08-20T13:23:43+00:00","dateModified":"2026-04-25T14:37:08+00:00","description":"Wir \u00fcberpr\u00fcfen die Schwachstellen, die Konfiguration und die RODO-Konformit\u00e4t Ihres Shops. Sie erhalten innerhalb von 7 Tagen einen Bericht mit einer Liste der Risiken und Korrekturen. Fordern Sie ein Sicherheitsaudit an.","breadcrumb":{"@id":"https:\/\/gorilla-commerce.eu\/de\/sicherheitsaudit\/#breadcrumb"},"inLanguage":"de","potentialAction":[{"@type":"ReadAction","target":["https:\/\/gorilla-commerce.eu\/de\/sicherheitsaudit\/"]}]},{"@type":"BreadcrumbList","@id":"https:\/\/gorilla-commerce.eu\/de\/sicherheitsaudit\/#breadcrumb","itemListElement":[{"@type":"ListItem","position":1,"name":"Home","item":"https:\/\/gorilla-commerce.eu\/de\/"},{"@type":"ListItem","position":2,"name":"Sicherheitsaudit"}]},{"@type":"WebSite","@id":"https:\/\/gorilla-commerce.eu\/de\/#website","url":"https:\/\/gorilla-commerce.eu\/de\/","name":"Gorilla Commerce","description":"Shop for your BUSINESS","publisher":{"@id":"https:\/\/gorilla-commerce.eu\/de\/#organization"},"potentialAction":[{"@type":"SearchAction","target":{"@type":"EntryPoint","urlTemplate":"https:\/\/gorilla-commerce.eu\/de\/?s={search_term_string}"},"query-input":{"@type":"PropertyValueSpecification","valueRequired":true,"valueName":"search_term_string"}}],"inLanguage":"de"},{"@type":"Organization","@id":"https:\/\/gorilla-commerce.eu\/de\/#organization","name":"Gorilla Commerce","url":"https:\/\/gorilla-commerce.eu\/de\/","logo":{"@type":"ImageObject","inLanguage":"de","@id":"https:\/\/gorilla-commerce.eu\/de\/#\/schema\/logo\/image\/","url":"https:\/\/gorilla-commerce.eu\/wp-content\/uploads\/2024\/08\/hero-banner-softgorillas-1.png","contentUrl":"https:\/\/gorilla-commerce.eu\/wp-content\/uploads\/2024\/08\/hero-banner-softgorillas-1.png","width":500,"height":420,"caption":"Gorilla Commerce"},"image":{"@id":"https:\/\/gorilla-commerce.eu\/de\/#\/schema\/logo\/image\/"},"sameAs":["https:\/\/www.facebook.com\/softgorillas\/","https:\/\/x.com\/softgorillas_SH"]}]}},"_links":{"self":[{"href":"https:\/\/gorilla-commerce.eu\/de\/wp-json\/wp\/v2\/pages\/5551","targetHints":{"allow":["GET"]}}],"collection":[{"href":"https:\/\/gorilla-commerce.eu\/de\/wp-json\/wp\/v2\/pages"}],"about":[{"href":"https:\/\/gorilla-commerce.eu\/de\/wp-json\/wp\/v2\/types\/page"}],"author":[{"embeddable":true,"href":"https:\/\/gorilla-commerce.eu\/de\/wp-json\/wp\/v2\/users\/1"}],"replies":[{"embeddable":true,"href":"https:\/\/gorilla-commerce.eu\/de\/wp-json\/wp\/v2\/comments?post=5551"}],"version-history":[{"count":1,"href":"https:\/\/gorilla-commerce.eu\/de\/wp-json\/wp\/v2\/pages\/5551\/revisions"}],"predecessor-version":[{"id":5552,"href":"https:\/\/gorilla-commerce.eu\/de\/wp-json\/wp\/v2\/pages\/5551\/revisions\/5552"}],"wp:attachment":[{"href":"https:\/\/gorilla-commerce.eu\/de\/wp-json\/wp\/v2\/media?parent=5551"}],"curies":[{"name":"wp","href":"https:\/\/api.w.org\/{rel}","templated":true}]}}